{"id":1378,"date":"2023-08-12T14:58:41","date_gmt":"2023-08-12T14:58:41","guid":{"rendered":"https:\/\/kiuspro.com\/?page_id=1378"},"modified":"2023-08-12T15:01:49","modified_gmt":"2023-08-12T15:01:49","slug":"impressum","status":"publish","type":"page","link":"https:\/\/kiuspro.com\/?page_id=1378","title":{"rendered":"Impressum"},"content":{"rendered":"<p><div class=\"fusion-fullwidth fullwidth-box fusion-builder-row-1 fusion-flex-container has-pattern-background has-mask-background fusion-parallax-none nonhundred-percent-fullwidth non-hundred-percent-height-scrolling\" style=\"--awb-border-radius-top-left:0px;--awb-border-radius-top-right:0px;--awb-border-radius-bottom-right:0px;--awb-border-radius-bottom-left:0px;--awb-min-height:400px;--awb-background-image:linear-gradient(90deg, rgba(96,0,54,0.78) 0%,rgba(255,255,255,0.36) 100%),url(https:\/\/kiuspro.com\/wp-content\/uploads\/2023\/08\/kiusPro-Slider-2000x400-02.jpg);;--awb-background-size:cover;--awb-flex-wrap:wrap;\" data-preload-img=\"https:\/\/kiuspro.com\/wp-content\/uploads\/2023\/08\/kiusPro-Slider-2000x400-02.jpg\" ><div class=\"fusion-builder-row fusion-row fusion-flex-align-items-center fusion-flex-align-content-flex-start fusion-flex-content-wrap\" style=\"max-width:1216.8px;margin-left: calc(-4% \/ 2 );margin-right: calc(-4% \/ 2 );\"><\/div><\/div><div id=\"kontaktformular\" class=\"fusion-container-anchor\"><div class=\"fusion-fullwidth fullwidth-box fusion-builder-row-2 fusion-flex-container has-pattern-background has-mask-background nonhundred-percent-fullwidth non-hundred-percent-height-scrolling\" style=\"--awb-background-position:center bottom;--awb-border-radius-top-left:0px;--awb-border-radius-top-right:0px;--awb-border-radius-bottom-right:0px;--awb-border-radius-bottom-left:0px;--awb-padding-top:70px;--awb-padding-bottom:40px;--awb-background-image:linear-gradient(180deg, rgba(198,165,165,0.1) 0%,rgba(255,255,255,0) 100%);--awb-flex-wrap:wrap;\" ><div class=\"fusion-builder-row fusion-row fusion-flex-align-items-center fusion-flex-content-wrap\" style=\"max-width:1216.8px;margin-left: calc(-4% \/ 2 );margin-right: calc(-4% \/ 2 );\"><div class=\"fusion-layout-column fusion_builder_column fusion-builder-column-0 fusion_builder_column_1_1 1_1 fusion-flex-column\" style=\"--awb-padding-bottom:50px;--awb-bg-blend:overlay;--awb-bg-size:cover;--awb-width-large:100%;--awb-margin-top-large:2%;--awb-spacing-right-large:2.4%;--awb-margin-bottom-large:0px;--awb-spacing-left-large:1.92%;--awb-width-medium:100%;--awb-spacing-right-medium:1.92%;--awb-spacing-left-medium:1.92%;--awb-width-small:100%;--awb-spacing-right-small:1.92%;--awb-spacing-left-small:1.92%;\"><div class=\"fusion-column-wrapper fusion-flex-justify-content-center fusion-content-layout-column\"><div class=\"fusion-title title fusion-title-1 fusion-title-text fusion-title-size-two\"><div class=\"title-sep-container title-sep-container-left fusion-no-large-visibility fusion-no-medium-visibility fusion-no-small-visibility\"><div class=\"title-sep sep- sep-solid\" style=\"border-color:var(--awb-color3);\"><\/div><\/div><span class=\"awb-title-spacer fusion-no-large-visibility fusion-no-medium-visibility fusion-no-small-visibility\"><\/span><h2 class=\"fusion-title-heading title-heading-left fusion-responsive-typography-calculated\" style=\"margin:0;--fontSize:65;line-height:1.0;\">IMPRESSUM<\/h2><span class=\"awb-title-spacer\"><\/span><div class=\"title-sep-container title-sep-container-right\"><div class=\"title-sep sep- sep-solid\" style=\"border-color:var(--awb-color3);\"><\/div><\/div><\/div><div class=\"fusion-separator\" style=\"align-self: flex-start;margin-right:auto;margin-bottom:50px;width:100%;max-width:100px;\"><div class=\"fusion-separator-border sep-single sep-solid\" style=\"--awb-height:20px;--awb-amount:20px;--awb-sep-color:var(--awb-custom_color_2);border-color:var(--awb-custom_color_2);border-top-width:4px;\"><\/div><\/div><div class=\"fusion-text fusion-text-1\" style=\"--awb-font-size:17px;--awb-line-height:1.3em;--awb-letter-spacing:0.9px;--awb-text-color:var(--awb-custom_color_2);--awb-text-font-family:&quot;Roboto&quot;;--awb-text-font-style:normal;--awb-text-font-weight:300;\"><p><strong>KiUsPro UG<\/strong><\/p>\n<p>Heisterstr. 9 \/ 42929 Wermelskirchen<\/p>\n<p>Handelsregister: HRB 101226<br \/>\nRegistergericht: AG K\u00f6ln<br \/>\nUmsatzsteuer-ID: DE329381016<\/p>\n<p>Vertreten durch: Bj\u00f6rn Merklinghaus<\/p>\n<p><strong>Kontakt<\/strong><\/p>\n<p>Telefon: 02196-8851085<br \/>\nTelefax: 02196-8841086<br \/>\nE-Mail: info@kiuspro.de<\/p>\n<p><strong>Haftung f\u00fcr Inhalte<\/strong><\/p>\n<p>Die Inhalte unserer Seiten wurden mit gr\u00f6\u00dfter Sorgfalt erstellt. F\u00fcr die Richtigkeit, Vollst\u00e4ndigkeit und Aktualit\u00e4t der Inhalte k\u00f6nnen wir jedoch keine Gew\u00e4hr \u00fcbernehmen.<\/p>\n<p>Als Diensteanbieter sind wir gem\u00e4\u00df \u00a7 5 TMG \/ \u00a7 55 Abs. 2 RStV f\u00fcr eigene Inhalte auf diesen Seiten nach den allgemeinen Gesetzen verantwortlich. Nach \u00a7\u00a7 8 bis 10 TMG sind wir als Diensteanbieter jedoch nicht verpflichtet, \u00fcbermittelte oder gespeicherte fremde Informationen zu \u00fcberwachen oder nach Umst\u00e4nden zu forschen, die auf eine rechtswidrige T\u00e4tigkeit hinweisen. Verpflichtungen zur Entfernung oder Sperrung der Nutzung von Informationen nach den allgemeinen Gesetzen bleiben hiervon unber\u00fchrt. Eine diesbez\u00fcgliche Haftung ist jedoch erst ab dem Zeitpunkt der Kenntnis einer konkreten Rechtsverletzung m\u00f6glich. Bei bekannt werden von entsprechenden Rechtsverletzungen werden wir diese Inhalte umgehend entfernen.<\/p>\n<p><strong>Urheberrecht<\/strong><\/p>\n<p>Die durch die Seitenbetreiber erstellten Inhalte und Werke auf diesen Seiten unterliegen dem deutschen Urheberrecht. Beitr\u00e4ge Dritter sind als solche gekennzeichnet. Die Vervielf\u00e4ltigung, Bearbeitung, Verbreitung und jede Art der Verwertung au\u00dferhalb der Grenzen des Urheberrechtes bed\u00fcrfen der schriftlichen Zustimmung des jeweiligen Autors bzw. Erstellers. Downloads und Kopien dieser Seite sind nur f\u00fcr den privaten, nicht kommerziellen Gebrauch gestattet.<\/p>\n<p>Die Betreiber der Seiten sind bem\u00fcht, stets die Urheberrechte anderer zu beachten bzw. auf selbst erstellte sowie lizenzfreie Werke zur\u00fcckzugreifen.<\/p>\n<\/div><\/div><\/div><\/div><\/div><\/div><div id=\"kontaktformular\" class=\"fusion-container-anchor\"><div class=\"fusion-fullwidth fullwidth-box fusion-builder-row-3 fusion-flex-container has-pattern-background has-mask-background nonhundred-percent-fullwidth non-hundred-percent-height-scrolling\" style=\"--awb-background-position:center bottom;--awb-border-radius-top-left:0px;--awb-border-radius-top-right:0px;--awb-border-radius-bottom-right:0px;--awb-border-radius-bottom-left:0px;--awb-padding-top:70px;--awb-padding-bottom:40px;--awb-background-image:linear-gradient(180deg, rgba(198,165,165,0.1) 0%,rgba(255,255,255,0) 100%);--awb-flex-wrap:wrap;\" ><div class=\"fusion-builder-row fusion-row fusion-flex-align-items-center fusion-flex-content-wrap\" style=\"max-width:1216.8px;margin-left: calc(-4% \/ 2 );margin-right: calc(-4% \/ 2 );\"><div class=\"fusion-layout-column fusion_builder_column fusion-builder-column-1 fusion_builder_column_1_1 1_1 fusion-flex-column\" style=\"--awb-padding-bottom:50px;--awb-bg-blend:overlay;--awb-bg-size:cover;--awb-width-large:100%;--awb-margin-top-large:2%;--awb-spacing-right-large:2.4%;--awb-margin-bottom-large:0px;--awb-spacing-left-large:1.92%;--awb-width-medium:100%;--awb-spacing-right-medium:1.92%;--awb-spacing-left-medium:1.92%;--awb-width-small:100%;--awb-spacing-right-small:1.92%;--awb-spacing-left-small:1.92%;\"><div class=\"fusion-column-wrapper fusion-flex-justify-content-center fusion-content-layout-column\"><div class=\"fusion-title title fusion-title-2 fusion-title-text fusion-title-size-two\"><div class=\"title-sep-container title-sep-container-left fusion-no-large-visibility fusion-no-medium-visibility fusion-no-small-visibility\"><div class=\"title-sep sep- sep-solid\" style=\"border-color:var(--awb-color3);\"><\/div><\/div><span class=\"awb-title-spacer fusion-no-large-visibility fusion-no-medium-visibility fusion-no-small-visibility\"><\/span><h2 class=\"fusion-title-heading title-heading-left fusion-responsive-typography-calculated\" style=\"margin:0;--fontSize:65;line-height:1.0;\">HIER FINDEN SIE UNS!<\/h2><span class=\"awb-title-spacer\"><\/span><div class=\"title-sep-container title-sep-container-right\"><div class=\"title-sep sep- sep-solid\" style=\"border-color:var(--awb-color3);\"><\/div><\/div><\/div><div class=\"fusion-separator\" style=\"align-self: flex-start;margin-right:auto;margin-bottom:50px;width:100%;max-width:100px;\"><div class=\"fusion-separator-border sep-single sep-solid\" style=\"--awb-height:20px;--awb-amount:20px;--awb-sep-color:var(--awb-custom_color_2);border-color:var(--awb-custom_color_2);border-top-width:4px;\"><\/div><\/div><div class=\"fusion-separator\" style=\"align-self: center;margin-left: auto;margin-right: auto;margin-top:25px;margin-bottom:25px;width:100%;max-width:300px;\"><\/div><div class=\"fusion-content-boxes content-boxes columns row fusion-columns-3 fusion-columns-total-3 fusion-content-boxes-1 content-boxes-icon-on-top content-left\" style=\"--awb-backgroundcolor:#ffffff;--awb-body-color:#555555;--awb-title-color:#111111;--awb-iconcolor:#ffffff;--awb-iconcolor-hover:var(--awb-custom_color_4);--awb-circlecolor-hover:rgba(255,255,255,0);--awb-hover-accent-color:var(--awb-custom_color_3);--awb-circle-hover-accent-color:var(--awb-custom_color_3);\" data-animationOffset=\"top-mid-of-view\"><div style=\"--awb-backgroundcolor:rgba(255,255,255,0);--awb-iconcolor:var(--awb-custom_color_1);--awb-iconcolor-hover:var(--awb-custom_color_4);--awb-circlecolor-hover:rgba(255,255,255,0);--awb-circle-hover-accent-color:transparent;\" class=\"fusion-column content-box-column content-box-column content-box-column-1 col-lg-4 col-md-4 col-sm-4 fusion-content-box-hover content-box-column-first-in-row\"><div class=\"col content-box-wrapper content-wrapper link-area-box link-type-text icon-hover-animation-fade fusion-animated\" data-link=\"#\" data-link-target=\"_self\" data-animationType=\"fadeInDown\" data-animationDuration=\"0.9\" data-animationOffset=\"top-mid-of-view\"><div class=\"heading heading-with-icon icon-left\"><a class=\"heading-link\" href=\"#\" target=\"_self\"><div class=\"icon\"><i style=\"border-color:var(--awb-custom_color_3);border-width:0px;background-color:rgba(255,255,255,0);box-sizing:content-box;height:112px;width:112px;line-height:112px;border-radius:20%;font-size:56px;\" aria-hidden=\"true\" class=\"fontawesome-icon fa-phone-alt fas circle-yes\"><\/i><\/div><h2 class=\"content-box-heading fusion-responsive-typography-calculated\" style=\"--h2_typography-font-size:27px;--fontSize:27;line-height:1.0;\">TELEFON<\/h2><\/a><\/div><div class=\"fusion-clearfix\"><\/div><div class=\"content-container\">\n<h5>02196 \u2013 885 10 85<\/h5>\n<\/div><\/div><\/div><div style=\"--awb-backgroundcolor:rgba(255,255,255,0);--awb-iconcolor:var(--awb-custom_color_1);--awb-iconcolor-hover:var(--awb-custom_color_4);--awb-circlecolor-hover:rgba(255,255,255,0);--awb-circle-hover-accent-color:transparent;\" class=\"fusion-column content-box-column content-box-column content-box-column-2 col-lg-4 col-md-4 col-sm-4 fusion-content-box-hover \"><div class=\"col content-box-wrapper content-wrapper link-area-box link-type-text icon-hover-animation-fade fusion-animated\" data-link=\"#\" data-link-target=\"_self\" data-animationType=\"fadeInDown\" data-animationDuration=\"0.9\" data-animationOffset=\"top-mid-of-view\"><div class=\"heading heading-with-icon icon-left\"><a class=\"heading-link\" href=\"#\" target=\"_self\"><div class=\"icon\"><i style=\"border-color:var(--awb-custom_color_3);border-width:0px;background-color:rgba(255,255,255,0);box-sizing:content-box;height:112px;width:112px;line-height:112px;border-radius:20%;font-size:56px;\" aria-hidden=\"true\" class=\"fontawesome-icon fa-fax fas circle-yes\"><\/i><\/div><h2 class=\"content-box-heading fusion-responsive-typography-calculated\" style=\"--h2_typography-font-size:27px;--fontSize:27;line-height:1.0;\">TELEFAX<\/h2><\/a><\/div><div class=\"fusion-clearfix\"><\/div><div class=\"content-container\">\n<h5>02196 \u2013 884 10 86<\/h5>\n<\/div><\/div><\/div><div style=\"--awb-backgroundcolor:rgba(255,255,255,0);--awb-iconcolor:var(--awb-custom_color_1);--awb-iconcolor-hover:var(--awb-custom_color_4);--awb-circlecolor-hover:rgba(255,255,255,0);--awb-circle-hover-accent-color:transparent;\" class=\"fusion-column content-box-column content-box-column content-box-column-3 col-lg-4 col-md-4 col-sm-4 fusion-content-box-hover content-box-column-last content-box-column-last-in-row\"><div class=\"col content-box-wrapper content-wrapper link-area-box link-type-text icon-hover-animation-fade fusion-animated\" data-link=\"#\" data-link-target=\"_self\" data-animationType=\"fadeInDown\" data-animationDuration=\"0.9\" data-animationOffset=\"top-mid-of-view\"><div class=\"heading heading-with-icon icon-left\"><a class=\"heading-link\" href=\"#\" target=\"_self\"><div class=\"icon\"><i style=\"border-color:var(--awb-custom_color_3);border-width:0px;background-color:rgba(255,255,255,0);box-sizing:content-box;height:112px;width:112px;line-height:112px;border-radius:20%;font-size:56px;\" aria-hidden=\"true\" class=\"fontawesome-icon fa-envelope fas circle-yes\"><\/i><\/div><h2 class=\"content-box-heading fusion-responsive-typography-calculated\" style=\"--h2_typography-font-size:27px;--fontSize:27;line-height:1.0;\">E-MAIL<\/h2><\/a><\/div><div class=\"fusion-clearfix\"><\/div><div class=\"content-container\">\n<h5><a href=\"mailto:info@kiuspro.de\" target=\"_blank\" rel=\"noopener\">info@kiuspro.de<\/a><\/h5>\n<\/div><\/div><\/div><div class=\"fusion-clearfix\"><\/div><\/div><\/div><\/div><\/div><\/div><\/div><div class=\"fusion-fullwidth fullwidth-box fusion-builder-row-4 fusion-flex-container has-pattern-background has-mask-background nonhundred-percent-fullwidth non-hundred-percent-height-scrolling\" style=\"--awb-border-radius-top-left:0px;--awb-border-radius-top-right:0px;--awb-border-radius-bottom-right:0px;--awb-border-radius-bottom-left:0px;--awb-flex-wrap:wrap;\" ><div class=\"fusion-builder-row fusion-row fusion-flex-align-items-flex-start fusion-flex-content-wrap\" style=\"max-width:1216.8px;margin-left: calc(-4% \/ 2 );margin-right: calc(-4% \/ 2 );\"><div class=\"fusion-layout-column fusion_builder_column fusion-builder-column-2 fusion_builder_column_1_1 1_1 fusion-flex-column\" style=\"--awb-bg-size:cover;--awb-width-large:100%;--awb-margin-top-large:0px;--awb-spacing-right-large:1.92%;--awb-margin-bottom-large:0px;--awb-spacing-left-large:1.92%;--awb-width-medium:100%;--awb-order-medium:0;--awb-spacing-right-medium:1.92%;--awb-spacing-left-medium:1.92%;--awb-width-small:100%;--awb-order-small:0;--awb-spacing-right-small:1.92%;--awb-spacing-left-small:1.92%;\"><div class=\"fusion-column-wrapper fusion-column-has-shadow fusion-flex-justify-content-flex-start fusion-content-layout-column\"><\/div><\/div><\/div><\/div><\/p>\n","protected":false},"excerpt":{"rendered":"","protected":false},"author":2,"featured_media":0,"parent":0,"menu_order":0,"comment_status":"closed","ping_status":"closed","template":"100-width.php","meta":{"footnotes":""},"class_list":["post-1378","page","type-page","status-publish","hentry"],"yoast_head":"<!-- This site is optimized with the Yoast SEO plugin v27.4 - https:\/\/yoast.com\/product\/yoast-seo-wordpress\/ -->\n<title>Impressum - KiUsPro<\/title>\n<meta name=\"robots\" content=\"index, follow, max-snippet:-1, max-image-preview:large, max-video-preview:-1\" \/>\n<link rel=\"canonical\" href=\"https:\/\/kiuspro.com\/?page_id=1378\" \/>\n<meta property=\"og:locale\" content=\"de_DE\" \/>\n<meta property=\"og:type\" content=\"article\" \/>\n<meta property=\"og:title\" content=\"Impressum - KiUsPro\" \/>\n<meta property=\"og:url\" content=\"https:\/\/kiuspro.com\/?page_id=1378\" \/>\n<meta property=\"og:site_name\" content=\"KiUsPro\" \/>\n<meta property=\"article:modified_time\" content=\"2023-08-12T15:01:49+00:00\" \/>\n<meta name=\"twitter:card\" content=\"summary_large_image\" \/>\n<meta name=\"twitter:label1\" content=\"Gesch\u00e4tzte Lesezeit\" \/>\n\t<meta name=\"twitter:data1\" content=\"4\u00a0Minuten\" \/>\n<script type=\"application\/ld+json\" class=\"yoast-schema-graph\">{\"@context\":\"https:\\\/\\\/schema.org\",\"@graph\":[{\"@type\":\"WebPage\",\"@id\":\"https:\\\/\\\/kiuspro.com\\\/?page_id=1378\",\"url\":\"https:\\\/\\\/kiuspro.com\\\/?page_id=1378\",\"name\":\"Impressum - KiUsPro\",\"isPartOf\":{\"@id\":\"https:\\\/\\\/kiuspro.com\\\/#website\"},\"datePublished\":\"2023-08-12T14:58:41+00:00\",\"dateModified\":\"2023-08-12T15:01:49+00:00\",\"breadcrumb\":{\"@id\":\"https:\\\/\\\/kiuspro.com\\\/?page_id=1378#breadcrumb\"},\"inLanguage\":\"de\",\"potentialAction\":[{\"@type\":\"ReadAction\",\"target\":[\"https:\\\/\\\/kiuspro.com\\\/?page_id=1378\"]}]},{\"@type\":\"BreadcrumbList\",\"@id\":\"https:\\\/\\\/kiuspro.com\\\/?page_id=1378#breadcrumb\",\"itemListElement\":[{\"@type\":\"ListItem\",\"position\":1,\"name\":\"Startseite\",\"item\":\"https:\\\/\\\/kiuspro.com\\\/\"},{\"@type\":\"ListItem\",\"position\":2,\"name\":\"Impressum\"}]},{\"@type\":\"WebSite\",\"@id\":\"https:\\\/\\\/kiuspro.com\\\/#website\",\"url\":\"https:\\\/\\\/kiuspro.com\\\/\",\"name\":\"KiUsPro\",\"description\":\"Ihr Spezialist f\u00fcr entspanntes Feiern\",\"potentialAction\":[{\"@type\":\"SearchAction\",\"target\":{\"@type\":\"EntryPoint\",\"urlTemplate\":\"https:\\\/\\\/kiuspro.com\\\/?s={search_term_string}\"},\"query-input\":{\"@type\":\"PropertyValueSpecification\",\"valueRequired\":true,\"valueName\":\"search_term_string\"}}],\"inLanguage\":\"de\"}]}<\/script>\n<!-- \/ Yoast SEO plugin. -->","yoast_head_json":{"title":"Impressum - KiUsPro","robots":{"index":"index","follow":"follow","max-snippet":"max-snippet:-1","max-image-preview":"max-image-preview:large","max-video-preview":"max-video-preview:-1"},"canonical":"https:\/\/kiuspro.com\/?page_id=1378","og_locale":"de_DE","og_type":"article","og_title":"Impressum - KiUsPro","og_url":"https:\/\/kiuspro.com\/?page_id=1378","og_site_name":"KiUsPro","article_modified_time":"2023-08-12T15:01:49+00:00","twitter_card":"summary_large_image","twitter_misc":{"Gesch\u00e4tzte Lesezeit":"4\u00a0Minuten"},"schema":{"@context":"https:\/\/schema.org","@graph":[{"@type":"WebPage","@id":"https:\/\/kiuspro.com\/?page_id=1378","url":"https:\/\/kiuspro.com\/?page_id=1378","name":"Impressum - KiUsPro","isPartOf":{"@id":"https:\/\/kiuspro.com\/#website"},"datePublished":"2023-08-12T14:58:41+00:00","dateModified":"2023-08-12T15:01:49+00:00","breadcrumb":{"@id":"https:\/\/kiuspro.com\/?page_id=1378#breadcrumb"},"inLanguage":"de","potentialAction":[{"@type":"ReadAction","target":["https:\/\/kiuspro.com\/?page_id=1378"]}]},{"@type":"BreadcrumbList","@id":"https:\/\/kiuspro.com\/?page_id=1378#breadcrumb","itemListElement":[{"@type":"ListItem","position":1,"name":"Startseite","item":"https:\/\/kiuspro.com\/"},{"@type":"ListItem","position":2,"name":"Impressum"}]},{"@type":"WebSite","@id":"https:\/\/kiuspro.com\/#website","url":"https:\/\/kiuspro.com\/","name":"KiUsPro","description":"Ihr Spezialist f\u00fcr entspanntes Feiern","potentialAction":[{"@type":"SearchAction","target":{"@type":"EntryPoint","urlTemplate":"https:\/\/kiuspro.com\/?s={search_term_string}"},"query-input":{"@type":"PropertyValueSpecification","valueRequired":true,"valueName":"search_term_string"}}],"inLanguage":"de"}]}},"_links":{"self":[{"href":"https:\/\/kiuspro.com\/index.php?rest_route=\/wp\/v2\/pages\/1378","targetHints":{"allow":["GET"]}}],"collection":[{"href":"https:\/\/kiuspro.com\/index.php?rest_route=\/wp\/v2\/pages"}],"about":[{"href":"https:\/\/kiuspro.com\/index.php?rest_route=\/wp\/v2\/types\/page"}],"author":[{"embeddable":true,"href":"https:\/\/kiuspro.com\/index.php?rest_route=\/wp\/v2\/users\/2"}],"replies":[{"embeddable":true,"href":"https:\/\/kiuspro.com\/index.php?rest_route=%2Fwp%2Fv2%2Fcomments&post=1378"}],"version-history":[{"count":2,"href":"https:\/\/kiuspro.com\/index.php?rest_route=\/wp\/v2\/pages\/1378\/revisions"}],"predecessor-version":[{"id":1381,"href":"https:\/\/kiuspro.com\/index.php?rest_route=\/wp\/v2\/pages\/1378\/revisions\/1381"}],"wp:attachment":[{"href":"https:\/\/kiuspro.com\/index.php?rest_route=%2Fwp%2Fv2%2Fmedia&parent=1378"}],"curies":[{"name":"wp","href":"https:\/\/api.w.org\/{rel}","templated":true}]}}